{"id":959,"date":"2024-02-21T22:12:47","date_gmt":"2024-02-21T21:12:47","guid":{"rendered":"https:\/\/www.motostudent.unican.es\/?page_id=959"},"modified":"2024-12-02T12:18:16","modified_gmt":"2024-12-02T11:18:16","slug":"quienes-somos","status":"publish","type":"page","link":"https:\/\/www.motostudent.unican.es\/?page_id=959","title":{"rendered":"Qui\u00e9nes somos"},"content":{"rendered":"\n<p><strong>SODERCAN UC RACING<\/strong><\/p>\n\n\n\n<p>\u00a1Hola!<\/p>\n\n\n\n<p>Somos el equipo <strong>SODERCAN UC Racing<\/strong>, equipo participante en la <strong>VIII Edici\u00f3n<\/strong> de MotoStudent en la categor\u00eda <strong>Petrol<\/strong>. Tras la experiencia vivida la Edici\u00f3n pasada, estamos deseando superarnos a nosotros mismos y lograr que todo el esfuerzo que hemos tenido que hacer para llegar hasta aqu\u00ed se vea reflejado en los resultados que obtengamos.<\/p>\n\n\n\n<p>En el siguiente gr\u00e1fico se puede observar los <strong>diferentes grados<\/strong> en los que nos repartimos los alumnos que formamos parte de la asociaci\u00f3n y que, aun siendo de grados tan distintos, todos trabajamos con un <strong>objetivo com\u00fan<\/strong> en este proyecto.&nbsp;<\/p>\n\n\n\n<figure class=\"wp-block-image size-full\"><a href=\"https:\/\/www.motostudent.unican.es\/wp-content\/uploads\/2024\/12\/Grafico-de-Sectores-Profesional-Sencillo-Verde-3.png\"><img loading=\"lazy\" decoding=\"async\" width=\"1024\" height=\"768\" src=\"https:\/\/www.motostudent.unican.es\/wp-content\/uploads\/2024\/12\/Grafico-de-Sectores-Profesional-Sencillo-Verde-3.png\" alt=\"\" class=\"wp-image-1189\" srcset=\"https:\/\/www.motostudent.unican.es\/wp-content\/uploads\/2024\/12\/Grafico-de-Sectores-Profesional-Sencillo-Verde-3.png 1024w, https:\/\/www.motostudent.unican.es\/wp-content\/uploads\/2024\/12\/Grafico-de-Sectores-Profesional-Sencillo-Verde-3-300x225.png 300w, https:\/\/www.motostudent.unican.es\/wp-content\/uploads\/2024\/12\/Grafico-de-Sectores-Profesional-Sencillo-Verde-3-768x576.png 768w, https:\/\/www.motostudent.unican.es\/wp-content\/uploads\/2024\/12\/Grafico-de-Sectores-Profesional-Sencillo-Verde-3-640x480.png 640w\" sizes=\"auto, (max-width: 1024px) 100vw, 1024px\" \/><\/a><\/figure>\n\n\n\n<p>En el siguiente <strong>organigrama<\/strong> se observa detalladamente la <strong>estructura organizativa<\/strong> del equipo, liderado por Pablo Garc\u00eda, y las diferentes <strong>\u00e1reas funcionales<\/strong> que llevar\u00e1n a cabo el desarrollo del prototipo de forma colaborativa entre ellos.&nbsp;<\/p>\n\n\n\n<figure class=\"wp-block-image size-large\"><a href=\"https:\/\/www.motostudent.unican.es\/wp-content\/uploads\/2024\/12\/Organigrama-1.png\"><img loading=\"lazy\" decoding=\"async\" width=\"724\" height=\"1024\" src=\"https:\/\/www.motostudent.unican.es\/wp-content\/uploads\/2024\/12\/Organigrama-1-724x1024.png\" alt=\"\" class=\"wp-image-1190\" srcset=\"https:\/\/www.motostudent.unican.es\/wp-content\/uploads\/2024\/12\/Organigrama-1-724x1024.png 724w, https:\/\/www.motostudent.unican.es\/wp-content\/uploads\/2024\/12\/Organigrama-1-212x300.png 212w, https:\/\/www.motostudent.unican.es\/wp-content\/uploads\/2024\/12\/Organigrama-1-768x1086.png 768w, https:\/\/www.motostudent.unican.es\/wp-content\/uploads\/2024\/12\/Organigrama-1-1086x1536.png 1086w, https:\/\/www.motostudent.unican.es\/wp-content\/uploads\/2024\/12\/Organigrama-1-640x905.png 640w, https:\/\/www.motostudent.unican.es\/wp-content\/uploads\/2024\/12\/Organigrama-1.png 1414w\" sizes=\"auto, (max-width: 724px) 100vw, 724px\" \/><\/a><\/figure>\n\n\n\n<p>Si quieres conocer nuestra trayectoria\u2026 \u00a1sigue navegando por nuestra p\u00e1gina web y redes sociales!<\/p>\n","protected":false},"excerpt":{"rendered":"<p>SODERCAN UC RACING \u00a1Hola! Somos el equipo SODERCAN UC Racing, equipo participante en la VIII Edici\u00f3n de MotoStudent en la categor\u00eda Petrol. Tras la experiencia vivida la Edici\u00f3n pasada, estamos deseando superarnos a nosotros mismos y lograr que todo el esfuerzo que hemos tenido que hacer para llegar hasta aqu\u00ed [&hellip;]<\/p>\n","protected":false},"author":5,"featured_media":0,"parent":0,"menu_order":0,"comment_status":"closed","ping_status":"closed","template":"","meta":{"footnotes":""},"class_list":["post-959","page","type-page","status-publish","hentry"],"_links":{"self":[{"href":"https:\/\/www.motostudent.unican.es\/index.php?rest_route=\/wp\/v2\/pages\/959","targetHints":{"allow":["GET"]}}],"collection":[{"href":"https:\/\/www.motostudent.unican.es\/index.php?rest_route=\/wp\/v2\/pages"}],"about":[{"href":"https:\/\/www.motostudent.unican.es\/index.php?rest_route=\/wp\/v2\/types\/page"}],"author":[{"embeddable":true,"href":"https:\/\/www.motostudent.unican.es\/index.php?rest_route=\/wp\/v2\/users\/5"}],"replies":[{"embeddable":true,"href":"https:\/\/www.motostudent.unican.es\/index.php?rest_route=%2Fwp%2Fv2%2Fcomments&post=959"}],"version-history":[{"count":11,"href":"https:\/\/www.motostudent.unican.es\/index.php?rest_route=\/wp\/v2\/pages\/959\/revisions"}],"predecessor-version":[{"id":1191,"href":"https:\/\/www.motostudent.unican.es\/index.php?rest_route=\/wp\/v2\/pages\/959\/revisions\/1191"}],"wp:attachment":[{"href":"https:\/\/www.motostudent.unican.es\/index.php?rest_route=%2Fwp%2Fv2%2Fmedia&parent=959"}],"curies":[{"name":"wp","href":"https:\/\/api.w.org\/{rel}","templated":true}]}}