{"id":940,"date":"2024-02-21T21:37:37","date_gmt":"2024-02-21T20:37:37","guid":{"rendered":"https:\/\/www.motostudent.unican.es\/?page_id=940"},"modified":"2024-02-22T18:23:50","modified_gmt":"2024-02-22T17:23:50","slug":"que-es-motostudent","status":"publish","type":"page","link":"https:\/\/www.motostudent.unican.es\/?page_id=940","title":{"rendered":"\u00bfQu\u00e9 es MotoStudent?"},"content":{"rendered":"\n<p>El proyecto MotoStudent es una iniciativa internacional y competitiva desde el \u00e1mbito acad\u00e9mico para promover la educaci\u00f3n pr\u00e1ctica, la innovaci\u00f3n y la investigaci\u00f3n entre futuros profesionales de la ingenier\u00eda. Este concurso bienal, organizado por la Moto Engineering Foundation en colaboraci\u00f3n con TechnoPark MotorLand, reta a estudiantes universitarios de todo el mundo a utilizar sus conocimientos te\u00f3ricos en el desarrollo de un proyecto de ingenier\u00eda aplicada. Se trata de dise\u00f1ar, desarrollar y fabricar el prototipo de una motocicleta de tipo Moto3 que, finalmente, ser\u00e1 juzgado y competir\u00e1 en un ambiente similar al de las carreras.<\/p>\n\n\n\n<figure class=\"wp-block-embed is-type-video is-provider-youtube wp-block-embed-youtube wp-embed-aspect-16-9 wp-has-aspect-ratio\"><div class=\"wp-block-embed__wrapper\">\n<iframe loading=\"lazy\" title=\"MotoStudent VII Official Highlights\" width=\"750\" height=\"422\" src=\"https:\/\/www.youtube.com\/embed\/-DMNowF84Dc?feature=oembed\" frameborder=\"0\" allow=\"accelerometer; autoplay; clipboard-write; encrypted-media; gyroscope; picture-in-picture; web-share\" allowfullscreen><\/iframe>\n<\/div><\/figure>\n\n\n\n<p><\/p>\n\n\n\n<h2 class=\"wp-block-heading\">Objetivos de la iniciativa<\/h2>\n\n\n\n<p>La iniciativa MotoStudent se centra en el desarrollo del aprendizaje y las innovaciones en el \u00e1mbito de la ingenier\u00eda. A trav\u00e9s de un desaf\u00edo pr\u00e1ctico y competitivo, se enfoca en lograr varios objetivos educativos, t\u00e9cnicos y profesionales tanto para los estudiantes involucrados como para la industria en general:<\/p>\n\n\n\n<ul class=\"wp-block-list\">\n<li>Adquisici\u00f3n de conocimientos te\u00f3ricos y pr\u00e1cticos aplicados a un proyecto real, complementando la formaci\u00f3n acad\u00e9mica de los participantes.<\/li>\n\n\n\n<li>Desarrollo de habilidades t\u00e9cnicas y la gesti\u00f3n de proyectos.<\/li>\n\n\n\n<li>Impulso al desarrollo tecnol\u00f3gico y acercamiento entre industria y universidad.<\/li>\n\n\n\n<li>Promoci\u00f3n de la sostenibilidad.<\/li>\n<\/ul>\n\n\n\n<h2 class=\"wp-block-heading\">Estructura <\/h2>\n\n\n\n<p>El proyecto MotoStudent se divide en dos categorias: MotoStudent Petrol y MotoStudent Electric, que se ocupan del desarrollo de prototipos con motor de combusti\u00f3n interna y motor el\u00e9ctrico, respectivamente. Este enfoque dual abarca tanto las tecnolog\u00edas tradicionales en el motociclismo como la creciente importancia de la movilidad el\u00e9ctrica, reflejando los desaf\u00edos y tendencias actuales y futuros.<\/p>\n\n\n\n<h2 class=\"wp-block-heading\">Fases<\/h2>\n\n\n\n<p>El desarrollo del proyecto MotoStudent se lleva a cabo a trav\u00e9s de varias etapas sucesivas, cada una con objetivos definidos y criterios de evaluaci\u00f3n detallados. Principalmente, la competici\u00f3n se divide en dos fases generales:<\/p>\n\n\n\n<p><em>MS1 o fase te\u00f3rica: <\/em><\/p>\n\n\n\n<ul class=\"wp-block-list\">\n<li><strong>Fase de Dise\u00f1o y C\u00e1lculo:<\/strong>  dise\u00f1o mec\u00e1nico y electr\u00f3nico de diferentes elementos, definiendo las especificaciones t\u00e9cnicas. Posteriormente, realizaci\u00f3n de c\u00e1lculos te\u00f3ricos y simulaciones para el estudio de la fiabilidad, sostenibilidad y eficiencia del prototipo.<\/li>\n\n\n\n<li><strong>Fase de Desarrollo y Producci\u00f3n:<\/strong> producci\u00f3n de componentes, montaje e integraci\u00f3n de sistemas. Adem\u00e1s, comprobaciones de seguridad, calidad y puesta a punto del prototipo.<\/li>\n<\/ul>\n\n\n\n<p><em>MS2 o pruebas pr\u00e1cticas:<\/em><\/p>\n\n\n\n<ul class=\"wp-block-list\">\n<li><strong>Fase de pruebas:<\/strong> verificaciones est\u00e1ticas, din\u00e1micas y t\u00e9cnicas llevadas a cabo por expertos de la industria atendiendo al reglamento de la competici\u00f3n.<\/li>\n\n\n\n<li><strong>Evento final:<\/strong> distintas pruebas puntuables que debe realizar el piloto para definir la posici\u00f3n del prototipo en la clasificaci\u00f3n final.<\/li>\n<\/ul>\n","protected":false},"excerpt":{"rendered":"<p>El proyecto MotoStudent es una iniciativa internacional y competitiva desde el \u00e1mbito acad\u00e9mico para promover la educaci\u00f3n pr\u00e1ctica, la innovaci\u00f3n y la investigaci\u00f3n entre futuros profesionales de la ingenier\u00eda. Este concurso bienal, organizado por la Moto Engineering Foundation en colaboraci\u00f3n con TechnoPark MotorLand, reta a estudiantes universitarios de todo el [&hellip;]<\/p>\n","protected":false},"author":5,"featured_media":930,"parent":0,"menu_order":0,"comment_status":"closed","ping_status":"closed","template":"","meta":{"footnotes":""},"class_list":["post-940","page","type-page","status-publish","has-post-thumbnail","hentry"],"_links":{"self":[{"href":"https:\/\/www.motostudent.unican.es\/index.php?rest_route=\/wp\/v2\/pages\/940","targetHints":{"allow":["GET"]}}],"collection":[{"href":"https:\/\/www.motostudent.unican.es\/index.php?rest_route=\/wp\/v2\/pages"}],"about":[{"href":"https:\/\/www.motostudent.unican.es\/index.php?rest_route=\/wp\/v2\/types\/page"}],"author":[{"embeddable":true,"href":"https:\/\/www.motostudent.unican.es\/index.php?rest_route=\/wp\/v2\/users\/5"}],"replies":[{"embeddable":true,"href":"https:\/\/www.motostudent.unican.es\/index.php?rest_route=%2Fwp%2Fv2%2Fcomments&post=940"}],"version-history":[{"count":4,"href":"https:\/\/www.motostudent.unican.es\/index.php?rest_route=\/wp\/v2\/pages\/940\/revisions"}],"predecessor-version":[{"id":999,"href":"https:\/\/www.motostudent.unican.es\/index.php?rest_route=\/wp\/v2\/pages\/940\/revisions\/999"}],"wp:featuredmedia":[{"embeddable":true,"href":"https:\/\/www.motostudent.unican.es\/index.php?rest_route=\/wp\/v2\/media\/930"}],"wp:attachment":[{"href":"https:\/\/www.motostudent.unican.es\/index.php?rest_route=%2Fwp%2Fv2%2Fmedia&parent=940"}],"curies":[{"name":"wp","href":"https:\/\/api.w.org\/{rel}","templated":true}]}}