{"id":39,"date":"2013-08-20T10:48:06","date_gmt":"2013-08-20T08:48:06","guid":{"rendered":"http:\/\/www.motostudentiii-uc.unican.es\/?page_id=39"},"modified":"2024-02-15T11:25:00","modified_gmt":"2024-02-15T10:25:00","slug":"articulos","status":"publish","type":"page","link":"https:\/\/www.motostudent.unican.es\/","title":{"rendered":"Noticias 2013"},"content":{"rendered":"<p style=\"text-align: justify;\">En esta p\u00e1gina podr\u00e1s conocer cada uno de los pasos que da nuestro equipo, conocer m\u00e1s de cerca a los integrantes del mismo y tambi\u00e9n podr\u00e1s ver algunas de las actividades que llevamos a cabo, pero, \u00bfQuieres saber realmente c\u00f3mo lo estamos dise\u00f1ando? Consulta la p\u00e1gina de la moto. <strong>\u00a1Recuerda que siempre puedes participar comentando! \u00a0<\/strong><\/p>\n","protected":false},"excerpt":{"rendered":"<p>En esta p\u00e1gina podr\u00e1s conocer cada uno de los pasos que da nuestro equipo, conocer m\u00e1s de cerca a los integrantes del mismo y tambi\u00e9n podr\u00e1s ver algunas de las actividades que llevamos a cabo, pero, \u00bfQuieres saber realmente c\u00f3mo lo estamos dise\u00f1ando? Consulta la p\u00e1gina de la moto. \u00a1Recuerda [&hellip;]<\/p>\n","protected":false},"author":1,"featured_media":0,"parent":899,"menu_order":1,"comment_status":"open","ping_status":"closed","template":"","meta":{"footnotes":""},"class_list":["post-39","page","type-page","status-publish","hentry"],"_links":{"self":[{"href":"https:\/\/www.motostudent.unican.es\/index.php?rest_route=\/wp\/v2\/pages\/39","targetHints":{"allow":["GET"]}}],"collection":[{"href":"https:\/\/www.motostudent.unican.es\/index.php?rest_route=\/wp\/v2\/pages"}],"about":[{"href":"https:\/\/www.motostudent.unican.es\/index.php?rest_route=\/wp\/v2\/types\/page"}],"author":[{"embeddable":true,"href":"https:\/\/www.motostudent.unican.es\/index.php?rest_route=\/wp\/v2\/users\/1"}],"replies":[{"embeddable":true,"href":"https:\/\/www.motostudent.unican.es\/index.php?rest_route=%2Fwp%2Fv2%2Fcomments&post=39"}],"version-history":[{"count":8,"href":"https:\/\/www.motostudent.unican.es\/index.php?rest_route=\/wp\/v2\/pages\/39\/revisions"}],"predecessor-version":[{"id":885,"href":"https:\/\/www.motostudent.unican.es\/index.php?rest_route=\/wp\/v2\/pages\/39\/revisions\/885"}],"up":[{"embeddable":true,"href":"https:\/\/www.motostudent.unican.es\/index.php?rest_route=\/wp\/v2\/pages\/899"}],"wp:attachment":[{"href":"https:\/\/www.motostudent.unican.es\/index.php?rest_route=%2Fwp%2Fv2%2Fmedia&parent=39"}],"curies":[{"name":"wp","href":"https:\/\/api.w.org\/{rel}","templated":true}]}}