{"id":1085,"date":"2024-05-02T10:53:24","date_gmt":"2024-05-02T08:53:24","guid":{"rendered":"https:\/\/www.motostudent.unican.es\/?page_id=1085"},"modified":"2024-05-16T13:19:47","modified_gmt":"2024-05-16T11:19:47","slug":"equipo","status":"publish","type":"page","link":"https:\/\/www.motostudent.unican.es\/?page_id=1085","title":{"rendered":"Equipo"},"content":{"rendered":"\n<p><strong>EQUIPO VII EDICI\u00d3N<\/strong><\/p>\n\n\n\n<p>Somos un grupo de estudiantes de la Escuela T\u00e9cnica Superior de Ingenieros Industriales y de Telecomunicaciones de la Universidad de Cantabria.<\/p>\n\n\n\n<p>Nuestro equipo, liderado por el Departamento de Ingenier\u00eda Mec\u00e1nica, decidi\u00f3 presentarse a la VII Edici\u00f3n de MotoStudent, con Mateo Bolado como Team Leader. Adem\u00e1s, est\u00e1 formado por ingenieros de las modalidades de Mec\u00e1nica, Telecomunicaciones y Electr\u00f3nica y Autom\u00e1tica.<\/p>\n\n\n\n<figure class=\"wp-block-image size-full\"><a href=\"https:\/\/www.motostudent.unican.es\/wp-content\/uploads\/2024\/04\/WhatsApp-Image-2024-03-15-at-00.22.21-1.jpeg\"><img loading=\"lazy\" decoding=\"async\" width=\"1024\" height=\"768\" src=\"https:\/\/www.motostudent.unican.es\/wp-content\/uploads\/2024\/04\/WhatsApp-Image-2024-03-15-at-00.22.21-1.jpeg\" alt=\"\" class=\"wp-image-1023\" srcset=\"https:\/\/www.motostudent.unican.es\/wp-content\/uploads\/2024\/04\/WhatsApp-Image-2024-03-15-at-00.22.21-1.jpeg 1024w, https:\/\/www.motostudent.unican.es\/wp-content\/uploads\/2024\/04\/WhatsApp-Image-2024-03-15-at-00.22.21-1-300x225.jpeg 300w, https:\/\/www.motostudent.unican.es\/wp-content\/uploads\/2024\/04\/WhatsApp-Image-2024-03-15-at-00.22.21-1-768x576.jpeg 768w, https:\/\/www.motostudent.unican.es\/wp-content\/uploads\/2024\/04\/WhatsApp-Image-2024-03-15-at-00.22.21-1-640x480.jpeg 640w\" sizes=\"auto, (max-width: 1024px) 100vw, 1024px\" \/><\/a><\/figure>\n\n\n\n<p>En ella, el mayor reto al que nos hemos enfrentado ha sido partir de cero. El equipo no contaba con documentaci\u00f3n de ediciones pasadas ni con experiencia de ninguno de los integrantes en competiciones de motorsport. El esfuerzo, compromiso y determinaci\u00f3n han sido claves para asegurar el \u00e9xito del proyecto.<\/p>\n\n\n\n<p>Los distintos integrantes del equipo UC Racing en la VII Edici\u00f3n de MotoStudent son:<\/p>\n\n\n\n<figure class=\"wp-block-image size-full\"><a href=\"https:\/\/www.motostudent.unican.es\/wp-content\/uploads\/2024\/05\/image-1.png\"><img loading=\"lazy\" decoding=\"async\" width=\"881\" height=\"659\" src=\"https:\/\/www.motostudent.unican.es\/wp-content\/uploads\/2024\/05\/image-1.png\" alt=\"\" class=\"wp-image-1088\" srcset=\"https:\/\/www.motostudent.unican.es\/wp-content\/uploads\/2024\/05\/image-1.png 881w, https:\/\/www.motostudent.unican.es\/wp-content\/uploads\/2024\/05\/image-1-300x224.png 300w, https:\/\/www.motostudent.unican.es\/wp-content\/uploads\/2024\/05\/image-1-768x574.png 768w, https:\/\/www.motostudent.unican.es\/wp-content\/uploads\/2024\/05\/image-1-640x479.png 640w\" sizes=\"auto, (max-width: 881px) 100vw, 881px\" \/><\/a><\/figure>\n","protected":false},"excerpt":{"rendered":"<p>EQUIPO VII EDICI\u00d3N Somos un grupo de estudiantes de la Escuela T\u00e9cnica Superior de Ingenieros Industriales y de Telecomunicaciones de la Universidad de Cantabria. Nuestro equipo, liderado por el Departamento de Ingenier\u00eda Mec\u00e1nica, decidi\u00f3 presentarse a la VII Edici\u00f3n de MotoStudent, con Mateo Bolado como Team Leader. Adem\u00e1s, est\u00e1 formado [&hellip;]<\/p>\n","protected":false},"author":5,"featured_media":0,"parent":0,"menu_order":0,"comment_status":"closed","ping_status":"closed","template":"","meta":{"footnotes":""},"class_list":["post-1085","page","type-page","status-publish","hentry"],"_links":{"self":[{"href":"https:\/\/www.motostudent.unican.es\/index.php?rest_route=\/wp\/v2\/pages\/1085","targetHints":{"allow":["GET"]}}],"collection":[{"href":"https:\/\/www.motostudent.unican.es\/index.php?rest_route=\/wp\/v2\/pages"}],"about":[{"href":"https:\/\/www.motostudent.unican.es\/index.php?rest_route=\/wp\/v2\/types\/page"}],"author":[{"embeddable":true,"href":"https:\/\/www.motostudent.unican.es\/index.php?rest_route=\/wp\/v2\/users\/5"}],"replies":[{"embeddable":true,"href":"https:\/\/www.motostudent.unican.es\/index.php?rest_route=%2Fwp%2Fv2%2Fcomments&post=1085"}],"version-history":[{"count":4,"href":"https:\/\/www.motostudent.unican.es\/index.php?rest_route=\/wp\/v2\/pages\/1085\/revisions"}],"predecessor-version":[{"id":1177,"href":"https:\/\/www.motostudent.unican.es\/index.php?rest_route=\/wp\/v2\/pages\/1085\/revisions\/1177"}],"wp:attachment":[{"href":"https:\/\/www.motostudent.unican.es\/index.php?rest_route=%2Fwp%2Fv2%2Fmedia&parent=1085"}],"curies":[{"name":"wp","href":"https:\/\/api.w.org\/{rel}","templated":true}]}}