{"id":1079,"date":"2024-05-02T10:50:47","date_gmt":"2024-05-02T08:50:47","guid":{"rendered":"https:\/\/www.motostudent.unican.es\/?page_id=1079"},"modified":"2024-05-16T11:58:36","modified_gmt":"2024-05-16T09:58:36","slug":"disenos-realizados","status":"publish","type":"page","link":"https:\/\/www.motostudent.unican.es\/?page_id=1079","title":{"rendered":"Dise\u00f1os realizados"},"content":{"rendered":"\n<p>Los dise\u00f1os realizados por el equipo para el prototipo de la VII Edici\u00f3n son los siguientes:<\/p>\n\n\n\n<p><strong>CHASIS<\/strong><\/p>\n\n\n\n<ul class=\"wp-block-list\">\n<li>La fase de desarrollo del chasis cont\u00f3 con los siguientes dise\u00f1os preliminares:<\/li>\n<\/ul>\n\n\n\n<figure class=\"wp-block-image size-full is-resized\"><a href=\"https:\/\/www.motostudent.unican.es\/wp-content\/uploads\/2024\/05\/image-4.png\"><img loading=\"lazy\" decoding=\"async\" width=\"827\" height=\"203\" src=\"https:\/\/www.motostudent.unican.es\/wp-content\/uploads\/2024\/05\/image-4.png\" alt=\"\" class=\"wp-image-1139\" style=\"width:841px;height:auto\" srcset=\"https:\/\/www.motostudent.unican.es\/wp-content\/uploads\/2024\/05\/image-4.png 827w, https:\/\/www.motostudent.unican.es\/wp-content\/uploads\/2024\/05\/image-4-300x74.png 300w, https:\/\/www.motostudent.unican.es\/wp-content\/uploads\/2024\/05\/image-4-768x189.png 768w, https:\/\/www.motostudent.unican.es\/wp-content\/uploads\/2024\/05\/image-4-640x157.png 640w\" sizes=\"auto, (max-width: 827px) 100vw, 827px\" \/><\/a><\/figure>\n\n\n\n<ul class=\"wp-block-list\">\n<li>Adem\u00e1s, se realizaron los siguientes estudios:<\/li>\n<\/ul>\n\n\n\n<figure class=\"wp-block-image size-full\"><a href=\"https:\/\/www.motostudent.unican.es\/wp-content\/uploads\/2024\/05\/image-5.png\"><img loading=\"lazy\" decoding=\"async\" width=\"827\" height=\"270\" src=\"https:\/\/www.motostudent.unican.es\/wp-content\/uploads\/2024\/05\/image-5.png\" alt=\"\" class=\"wp-image-1140\" srcset=\"https:\/\/www.motostudent.unican.es\/wp-content\/uploads\/2024\/05\/image-5.png 827w, https:\/\/www.motostudent.unican.es\/wp-content\/uploads\/2024\/05\/image-5-300x98.png 300w, https:\/\/www.motostudent.unican.es\/wp-content\/uploads\/2024\/05\/image-5-768x251.png 768w, https:\/\/www.motostudent.unican.es\/wp-content\/uploads\/2024\/05\/image-5-640x209.png 640w\" sizes=\"auto, (max-width: 827px) 100vw, 827px\" \/><\/a><\/figure>\n\n\n\n<figure class=\"wp-block-image size-full\"><a href=\"https:\/\/www.motostudent.unican.es\/wp-content\/uploads\/2024\/05\/image-6.png\"><img loading=\"lazy\" decoding=\"async\" width=\"827\" height=\"265\" src=\"https:\/\/www.motostudent.unican.es\/wp-content\/uploads\/2024\/05\/image-6.png\" alt=\"\" class=\"wp-image-1141\" srcset=\"https:\/\/www.motostudent.unican.es\/wp-content\/uploads\/2024\/05\/image-6.png 827w, https:\/\/www.motostudent.unican.es\/wp-content\/uploads\/2024\/05\/image-6-300x96.png 300w, https:\/\/www.motostudent.unican.es\/wp-content\/uploads\/2024\/05\/image-6-768x246.png 768w, https:\/\/www.motostudent.unican.es\/wp-content\/uploads\/2024\/05\/image-6-640x205.png 640w\" sizes=\"auto, (max-width: 827px) 100vw, 827px\" \/><\/a><\/figure>\n\n\n\n<ul class=\"wp-block-list\">\n<li>Finalmente, el chasis de nuestro prototipo fue:<\/li>\n<\/ul>\n\n\n<div class=\"wp-block-image\">\n<figure class=\"aligncenter size-full is-resized\"><a href=\"https:\/\/www.motostudent.unican.es\/wp-content\/uploads\/2024\/05\/image-7.png\"><img loading=\"lazy\" decoding=\"async\" width=\"359\" height=\"413\" src=\"https:\/\/www.motostudent.unican.es\/wp-content\/uploads\/2024\/05\/image-7.png\" alt=\"\" class=\"wp-image-1142\" style=\"width:405px;height:auto\" srcset=\"https:\/\/www.motostudent.unican.es\/wp-content\/uploads\/2024\/05\/image-7.png 359w, https:\/\/www.motostudent.unican.es\/wp-content\/uploads\/2024\/05\/image-7-261x300.png 261w\" sizes=\"auto, (max-width: 359px) 100vw, 359px\" \/><\/a><\/figure>\n<\/div>\n\n\n<p><strong>BASCULANTE<\/strong><\/p>\n\n\n\n<ul class=\"wp-block-list\">\n<li>El modelo de ensamblaje del eje trasero del prototipo es el siguiente:<\/li>\n<\/ul>\n\n\n\n<figure class=\"wp-block-image size-full\"><a href=\"https:\/\/www.motostudent.unican.es\/wp-content\/uploads\/2024\/05\/image-8.png\"><img loading=\"lazy\" decoding=\"async\" width=\"827\" height=\"169\" src=\"https:\/\/www.motostudent.unican.es\/wp-content\/uploads\/2024\/05\/image-8.png\" alt=\"\" class=\"wp-image-1145\" srcset=\"https:\/\/www.motostudent.unican.es\/wp-content\/uploads\/2024\/05\/image-8.png 827w, https:\/\/www.motostudent.unican.es\/wp-content\/uploads\/2024\/05\/image-8-300x61.png 300w, https:\/\/www.motostudent.unican.es\/wp-content\/uploads\/2024\/05\/image-8-768x157.png 768w, https:\/\/www.motostudent.unican.es\/wp-content\/uploads\/2024\/05\/image-8-640x131.png 640w\" sizes=\"auto, (max-width: 827px) 100vw, 827px\" \/><\/a><\/figure>\n\n\n\n<ul class=\"wp-block-list\">\n<li>Tras las desviaciones sufridas en el modelo, el basculante final fue:<\/li>\n<\/ul>\n\n\n<div class=\"wp-block-image\">\n<figure class=\"aligncenter size-full\"><a href=\"https:\/\/www.motostudent.unican.es\/wp-content\/uploads\/2024\/05\/image-9.png\"><img loading=\"lazy\" decoding=\"async\" width=\"419\" height=\"230\" src=\"https:\/\/www.motostudent.unican.es\/wp-content\/uploads\/2024\/05\/image-9.png\" alt=\"\" class=\"wp-image-1146\" srcset=\"https:\/\/www.motostudent.unican.es\/wp-content\/uploads\/2024\/05\/image-9.png 419w, https:\/\/www.motostudent.unican.es\/wp-content\/uploads\/2024\/05\/image-9-300x165.png 300w\" sizes=\"auto, (max-width: 419px) 100vw, 419px\" \/><\/a><\/figure>\n<\/div>\n\n\n<p><strong>COL\u00cdN<\/strong><\/p>\n\n\n\n<p>El dise\u00f1o realizado para la parte trasera del chasis de nuestro prototipo, con los desarrollos intermedios, fue:<\/p>\n\n\n\n<figure class=\"wp-block-image size-full\"><a href=\"https:\/\/www.motostudent.unican.es\/wp-content\/uploads\/2024\/05\/image-10.png\"><img loading=\"lazy\" decoding=\"async\" width=\"827\" height=\"206\" src=\"https:\/\/www.motostudent.unican.es\/wp-content\/uploads\/2024\/05\/image-10.png\" alt=\"\" class=\"wp-image-1147\" srcset=\"https:\/\/www.motostudent.unican.es\/wp-content\/uploads\/2024\/05\/image-10.png 827w, https:\/\/www.motostudent.unican.es\/wp-content\/uploads\/2024\/05\/image-10-300x75.png 300w, https:\/\/www.motostudent.unican.es\/wp-content\/uploads\/2024\/05\/image-10-768x191.png 768w, https:\/\/www.motostudent.unican.es\/wp-content\/uploads\/2024\/05\/image-10-640x159.png 640w\" sizes=\"auto, (max-width: 827px) 100vw, 827px\" \/><\/a><\/figure>\n","protected":false},"excerpt":{"rendered":"<p>Los dise\u00f1os realizados por el equipo para el prototipo de la VII Edici\u00f3n son los siguientes: CHASIS BASCULANTE COL\u00cdN El dise\u00f1o realizado para la parte trasera del chasis de nuestro prototipo, con los desarrollos intermedios, fue:<\/p>\n","protected":false},"author":5,"featured_media":0,"parent":0,"menu_order":0,"comment_status":"closed","ping_status":"closed","template":"","meta":{"footnotes":""},"class_list":["post-1079","page","type-page","status-publish","hentry"],"_links":{"self":[{"href":"https:\/\/www.motostudent.unican.es\/index.php?rest_route=\/wp\/v2\/pages\/1079","targetHints":{"allow":["GET"]}}],"collection":[{"href":"https:\/\/www.motostudent.unican.es\/index.php?rest_route=\/wp\/v2\/pages"}],"about":[{"href":"https:\/\/www.motostudent.unican.es\/index.php?rest_route=\/wp\/v2\/types\/page"}],"author":[{"embeddable":true,"href":"https:\/\/www.motostudent.unican.es\/index.php?rest_route=\/wp\/v2\/users\/5"}],"replies":[{"embeddable":true,"href":"https:\/\/www.motostudent.unican.es\/index.php?rest_route=%2Fwp%2Fv2%2Fcomments&post=1079"}],"version-history":[{"count":3,"href":"https:\/\/www.motostudent.unican.es\/index.php?rest_route=\/wp\/v2\/pages\/1079\/revisions"}],"predecessor-version":[{"id":1148,"href":"https:\/\/www.motostudent.unican.es\/index.php?rest_route=\/wp\/v2\/pages\/1079\/revisions\/1148"}],"wp:attachment":[{"href":"https:\/\/www.motostudent.unican.es\/index.php?rest_route=%2Fwp%2Fv2%2Fmedia&parent=1079"}],"curies":[{"name":"wp","href":"https:\/\/api.w.org\/{rel}","templated":true}]}}