{"id":1071,"date":"2024-05-02T10:41:30","date_gmt":"2024-05-02T08:41:30","guid":{"rendered":"https:\/\/www.motostudent.unican.es\/?page_id=1071"},"modified":"2024-05-02T10:41:30","modified_gmt":"2024-05-02T08:41:30","slug":"patrocinadores","status":"publish","type":"page","link":"https:\/\/www.motostudent.unican.es\/?page_id=1071","title":{"rendered":"Patrocinadores"},"content":{"rendered":"\n<p>Queremos agradecer el apoyo brindado por nuestros patrocinadores. Gracias a ellos, a trav\u00e9s de financiaci\u00f3n o de soporte t\u00e9cnico, hemos sido capaces de desarrollar el prototipo de la VII Edici\u00f3n del que tan orgullosos estamos.<\/p>\n\n\n\n<p>Adem\u00e1s, se han volcado con nosotros en todas las fases de desarrollo del prototipo y han compartido la ilusi\u00f3n de crear de cero un prototipo.<\/p>\n\n\n\n<figure class=\"wp-block-image size-full\"><a href=\"https:\/\/www.motostudent.unican.es\/wp-content\/uploads\/2024\/05\/sponsorsss.png\"><img loading=\"lazy\" decoding=\"async\" width=\"920\" height=\"465\" src=\"https:\/\/www.motostudent.unican.es\/wp-content\/uploads\/2024\/05\/sponsorsss.png\" alt=\"\" class=\"wp-image-1072\" srcset=\"https:\/\/www.motostudent.unican.es\/wp-content\/uploads\/2024\/05\/sponsorsss.png 920w, https:\/\/www.motostudent.unican.es\/wp-content\/uploads\/2024\/05\/sponsorsss-300x152.png 300w, https:\/\/www.motostudent.unican.es\/wp-content\/uploads\/2024\/05\/sponsorsss-768x388.png 768w, https:\/\/www.motostudent.unican.es\/wp-content\/uploads\/2024\/05\/sponsorsss-640x323.png 640w\" sizes=\"auto, (max-width: 920px) 100vw, 920px\" \/><\/a><\/figure>\n","protected":false},"excerpt":{"rendered":"<p>Queremos agradecer el apoyo brindado por nuestros patrocinadores. Gracias a ellos, a trav\u00e9s de financiaci\u00f3n o de soporte t\u00e9cnico, hemos sido capaces de desarrollar el prototipo de la VII Edici\u00f3n del que tan orgullosos estamos. Adem\u00e1s, se han volcado con nosotros en todas las fases de desarrollo del prototipo y [&hellip;]<\/p>\n","protected":false},"author":5,"featured_media":0,"parent":0,"menu_order":0,"comment_status":"closed","ping_status":"closed","template":"","meta":{"footnotes":""},"class_list":["post-1071","page","type-page","status-publish","hentry"],"_links":{"self":[{"href":"https:\/\/www.motostudent.unican.es\/index.php?rest_route=\/wp\/v2\/pages\/1071","targetHints":{"allow":["GET"]}}],"collection":[{"href":"https:\/\/www.motostudent.unican.es\/index.php?rest_route=\/wp\/v2\/pages"}],"about":[{"href":"https:\/\/www.motostudent.unican.es\/index.php?rest_route=\/wp\/v2\/types\/page"}],"author":[{"embeddable":true,"href":"https:\/\/www.motostudent.unican.es\/index.php?rest_route=\/wp\/v2\/users\/5"}],"replies":[{"embeddable":true,"href":"https:\/\/www.motostudent.unican.es\/index.php?rest_route=%2Fwp%2Fv2%2Fcomments&post=1071"}],"version-history":[{"count":1,"href":"https:\/\/www.motostudent.unican.es\/index.php?rest_route=\/wp\/v2\/pages\/1071\/revisions"}],"predecessor-version":[{"id":1073,"href":"https:\/\/www.motostudent.unican.es\/index.php?rest_route=\/wp\/v2\/pages\/1071\/revisions\/1073"}],"wp:attachment":[{"href":"https:\/\/www.motostudent.unican.es\/index.php?rest_route=%2Fwp%2Fv2%2Fmedia&parent=1071"}],"curies":[{"name":"wp","href":"https:\/\/api.w.org\/{rel}","templated":true}]}}