{"id":1064,"date":"2024-05-02T10:09:07","date_gmt":"2024-05-02T08:09:07","guid":{"rendered":"https:\/\/www.motostudent.unican.es\/?page_id=1064"},"modified":"2024-05-16T13:11:54","modified_gmt":"2024-05-16T11:11:54","slug":"resultados-obtenidos","status":"publish","type":"page","link":"https:\/\/www.motostudent.unican.es\/?page_id=1064","title":{"rendered":"Resultados obtenidos"},"content":{"rendered":"\n<p class=\"has-text-align-left\">Para analizar los logros que se obtuvieron en la edici\u00f3n anterior debemos desglosar la competici\u00f3n en <strong>dos fases<\/strong>. La primera, el <strong>MS1<\/strong>, la componen los <strong>criterios t\u00e9cnicos<\/strong> y de <strong>dise\u00f1o<\/strong> y supone la mayor parte del tiempo del proyecto; y la segunda, el <strong>MS2<\/strong>, supone el grueso de las <strong>pruebas pr\u00e1cticas<\/strong> y la puesta a <strong>prueba<\/strong> del prototipo en el <strong>circuito<\/strong> de Motorland, Arag\u00f3n. En ambas fases se consiguieron <strong>resultados<\/strong> <strong>sobre la media<\/strong> del resto de equipos, notando una considerable <strong>mejora<\/strong> <strong>en<\/strong> la parte pr\u00e1ctica del <strong>MS2<\/strong>, sobre todo en la gymkhana, donde conseguimos la <strong>5\u00aa posici\u00f3n<\/strong>. La \u00faltima prueba del prototipo era la <strong>carrera final<\/strong>, la cual consist\u00eda en una ronda de clasificaci\u00f3n, dicha prueba fue <strong>superada<\/strong> <strong>exitosamente<\/strong>, consiguiendo <strong>clasificarnos<\/strong> para el <strong>playoff<\/strong> de acceso a la carrera, en el cual nos quedamos a (introducir  puesto de alcanzar el objetivo.&nbsp;&nbsp;<\/p>\n\n\n\n<p class=\"has-text-align-left\">Sin embargo, a pesar de no ser capaces de conseguir una plaza en la carrera final, consideramos que <strong>cumplimos<\/strong> los <strong>objetivos<\/strong> del equipo satisfactoriamente y que teniendo en cuenta las dificultades que encontramos, lo limitado del presupuesto en comparaci\u00f3n a otros equipos y nuestra inexperiencia en la construcci\u00f3n de este tipo de prototipos, conseguimos <strong>dejar huella<\/strong> en la <strong>VII Edici\u00f3n<\/strong>, dejando el nombre de la Universidad de Cantabria y de la comunidad aut\u00f3noma en una excelente posici\u00f3n, que esperamos superar en la VIII edici\u00f3n.&nbsp;<\/p>\n\n\n\n<p class=\"has-text-align-left\">En la tabla adjunta a continuaci\u00f3n se puede apreciar mejor la puntuaci\u00f3n obtenida en cada apartado:<\/p>\n\n\n\n<figure class=\"wp-block-image size-full\"><a href=\"https:\/\/www.motostudent.unican.es\/wp-content\/uploads\/2024\/05\/Resultados_EdicionAnterior.png\"><img loading=\"lazy\" decoding=\"async\" width=\"1024\" height=\"768\" src=\"https:\/\/www.motostudent.unican.es\/wp-content\/uploads\/2024\/05\/Resultados_EdicionAnterior.png\" alt=\"\" class=\"wp-image-1129\" srcset=\"https:\/\/www.motostudent.unican.es\/wp-content\/uploads\/2024\/05\/Resultados_EdicionAnterior.png 1024w, https:\/\/www.motostudent.unican.es\/wp-content\/uploads\/2024\/05\/Resultados_EdicionAnterior-300x225.png 300w, https:\/\/www.motostudent.unican.es\/wp-content\/uploads\/2024\/05\/Resultados_EdicionAnterior-768x576.png 768w, https:\/\/www.motostudent.unican.es\/wp-content\/uploads\/2024\/05\/Resultados_EdicionAnterior-640x480.png 640w\" sizes=\"auto, (max-width: 1024px) 100vw, 1024px\" \/><\/a><\/figure>\n\n\n\n<p>Para m\u00e1s informaci\u00f3n, puedes consultar nuestra<strong> Memoria Final<\/strong> del proyecto, donde hemos explicado detalladamente lo realizado en la VII Edici\u00f3n:<\/p>\n\n\n\n<div data-wp-interactive=\"core\/file\" class=\"wp-block-file\"><object data-wp-bind--hidden=\"!state.hasPdfPreview\" hidden class=\"wp-block-file__embed\" data=\"https:\/\/www.motostudent.unican.es\/wp-content\/uploads\/2024\/05\/UCRacing_MemoriaFinal-1.pdf\" type=\"application\/pdf\" style=\"width:100%;height:600px\" aria-label=\"Incrustado de UCRacing_MemoriaFinal-1.\"><\/object><a id=\"wp-block-file--media-5c5eb5c7-58ad-46da-bae3-11b2951ce4a8\" href=\"https:\/\/www.motostudent.unican.es\/wp-content\/uploads\/2024\/05\/UCRacing_MemoriaFinal-1.pdf\">UCRacing_MemoriaFinal-1<\/a><a href=\"https:\/\/www.motostudent.unican.es\/wp-content\/uploads\/2024\/05\/UCRacing_MemoriaFinal-1.pdf\" class=\"wp-block-file__button wp-element-button\" download aria-describedby=\"wp-block-file--media-5c5eb5c7-58ad-46da-bae3-11b2951ce4a8\">Descarga<\/a><\/div>\n","protected":false},"excerpt":{"rendered":"<p>Para analizar los logros que se obtuvieron en la edici\u00f3n anterior debemos desglosar la competici\u00f3n en dos fases. La primera, el MS1, la componen los criterios t\u00e9cnicos y de dise\u00f1o y supone la mayor parte del tiempo del proyecto; y la segunda, el MS2, supone el grueso de las pruebas [&hellip;]<\/p>\n","protected":false},"author":5,"featured_media":0,"parent":0,"menu_order":0,"comment_status":"closed","ping_status":"closed","template":"","meta":{"footnotes":""},"class_list":["post-1064","page","type-page","status-publish","hentry"],"_links":{"self":[{"href":"https:\/\/www.motostudent.unican.es\/index.php?rest_route=\/wp\/v2\/pages\/1064","targetHints":{"allow":["GET"]}}],"collection":[{"href":"https:\/\/www.motostudent.unican.es\/index.php?rest_route=\/wp\/v2\/pages"}],"about":[{"href":"https:\/\/www.motostudent.unican.es\/index.php?rest_route=\/wp\/v2\/types\/page"}],"author":[{"embeddable":true,"href":"https:\/\/www.motostudent.unican.es\/index.php?rest_route=\/wp\/v2\/users\/5"}],"replies":[{"embeddable":true,"href":"https:\/\/www.motostudent.unican.es\/index.php?rest_route=%2Fwp%2Fv2%2Fcomments&post=1064"}],"version-history":[{"count":4,"href":"https:\/\/www.motostudent.unican.es\/index.php?rest_route=\/wp\/v2\/pages\/1064\/revisions"}],"predecessor-version":[{"id":1165,"href":"https:\/\/www.motostudent.unican.es\/index.php?rest_route=\/wp\/v2\/pages\/1064\/revisions\/1165"}],"wp:attachment":[{"href":"https:\/\/www.motostudent.unican.es\/index.php?rest_route=%2Fwp%2Fv2%2Fmedia&parent=1064"}],"curies":[{"name":"wp","href":"https:\/\/api.w.org\/{rel}","templated":true}]}}