{"id":1060,"date":"2024-05-02T09:54:32","date_gmt":"2024-05-02T07:54:32","guid":{"rendered":"https:\/\/www.motostudent.unican.es\/?page_id=1060"},"modified":"2024-05-16T12:45:33","modified_gmt":"2024-05-16T10:45:33","slug":"nuestro-piloto","status":"publish","type":"page","link":"https:\/\/www.motostudent.unican.es\/?page_id=1060","title":{"rendered":"Nuestro piloto"},"content":{"rendered":"\n<h4 class=\"wp-block-heading\"><strong>PABLO L\u00d3<\/strong><strong>PEZ SANZ<\/strong><\/h4>\n\n\n\n<p>Pablo es un piloto c\u00e1ntabro natural de Polanco con una trayectoria profesional de casi 20 a\u00f1os compitiendo en el mundo del motor. Por ello, creemos que no podemos estar en mejores manos. Su experiencia, conocimiento y destreza son una fuente de motivaci\u00f3n en el equipo, ya que nos anima a querer ofrecerle el mejor prototipo al que creemos que es el mejor piloto que podr\u00edamos tener.<\/p>\n\n\n\n<p>Contar con un piloto de la calidad de Pablo es una gran suerte; y es que su palmar\u00e9s es cuanto menos envidiable:<\/p>\n\n\n\n<ul class=\"wp-block-list\">\n<li>2007 Campe\u00f3n Campeonato de Cantabria de Pitcross<\/li>\n\n\n\n<li>2008 Campe\u00f3n Campeonato de Cantabria de Pitcross<\/li>\n\n\n\n<li>2008 Campe\u00f3n Campeonato de Asturias de Scooter<\/li>\n\n\n\n<li>2009 Participaci\u00f3n Campeonato de Espa\u00f1a de Velocidad: Supersport<\/li>\n\n\n\n<li>2010 Campe\u00f3n Campeonato de Asturias de Scooter<\/li>\n\n\n\n<li>2010 Campe\u00f3n Campeonato de Navarra de Scooter<\/li>\n\n\n\n<li>2010 Tercero Campeonato de Espa\u00f1a de Scooter<\/li>\n\n\n\n<li>2011 Campe\u00f3n Campeonato de Asturias de Scooter<\/li>\n\n\n\n<li>2011 Campe\u00f3n Campeonato de Navarra de Scooter<\/li>\n\n\n\n<li>2012 Segundo Campeonato de Castilla y Leon Supermotard<\/li>\n\n\n\n<li>2012 Segundo Dirt-Track de Gata de Corgos<\/li>\n\n\n\n<li>2014 Sexto en la III edici\u00f3n de MotoStudent<\/li>\n\n\n\n<li>2014 Campe\u00f3n del Campeonato de&nbsp; Castilla y Le\u00f3n&nbsp; de Supermotard<\/li>\n\n\n\n<li>2014 Octavo en el Campeonato de Espa\u00f1a de Supermotard<\/li>\n\n\n\n<li>2015 Cuarto en el Campeonato de Espa\u00f1a de Supermotard<\/li>\n\n\n\n<li>2016 Campe\u00f3n en el Campeonato de Espa\u00f1a de Supermotard<\/li>\n\n\n\n<li>2017 Sexto en s4 del Campeonato de Europa <\/li>\n<\/ul>\n\n\n\n<p>Os dejamos unos art\u00edculos que demuestran sus logros deportivos:<\/p>\n\n\n\n<p><a href=\"https:\/\/contrameta.com\/pablo-lopez-campeon-de-espana-de-supermoto\/\">Pablo L\u00f3pez, Campe\u00f3n de Espa\u00f1a de Supermoto<\/a><\/p>\n\n\n\n<p><a href=\"https:\/\/www.pcmoto.net\/2017\/04\/17\/pablo-lopez-debuta-en-el-campeonato-de-europa-de-supermoto\/\">Pablo L\u00f3pez debuta en el Campeonato de Europa de Supermoto<\/a><\/p>\n\n\n\n<p><a href=\"https:\/\/www.pcmoto.net\/2017\/01\/25\/pablo-lopez-recibio-el-titulo-de-campeon-de-espana-de-supermoto\/\">Pablo L\u00f3pez recibi\u00f3 el t\u00edtulo de Campe\u00f3n de Espa\u00f1a de Supermoto<\/a><\/p>\n","protected":false},"excerpt":{"rendered":"<p>PABLO L\u00d3PEZ SANZ Pablo es un piloto c\u00e1ntabro natural de Polanco con una trayectoria profesional de casi 20 a\u00f1os compitiendo en el mundo del motor. Por ello, creemos que no podemos estar en mejores manos. Su experiencia, conocimiento y destreza son una fuente de motivaci\u00f3n en el equipo, ya que [&hellip;]<\/p>\n","protected":false},"author":5,"featured_media":0,"parent":0,"menu_order":0,"comment_status":"closed","ping_status":"closed","template":"","meta":{"footnotes":""},"class_list":["post-1060","page","type-page","status-publish","hentry"],"_links":{"self":[{"href":"https:\/\/www.motostudent.unican.es\/index.php?rest_route=\/wp\/v2\/pages\/1060","targetHints":{"allow":["GET"]}}],"collection":[{"href":"https:\/\/www.motostudent.unican.es\/index.php?rest_route=\/wp\/v2\/pages"}],"about":[{"href":"https:\/\/www.motostudent.unican.es\/index.php?rest_route=\/wp\/v2\/types\/page"}],"author":[{"embeddable":true,"href":"https:\/\/www.motostudent.unican.es\/index.php?rest_route=\/wp\/v2\/users\/5"}],"replies":[{"embeddable":true,"href":"https:\/\/www.motostudent.unican.es\/index.php?rest_route=%2Fwp%2Fv2%2Fcomments&post=1060"}],"version-history":[{"count":4,"href":"https:\/\/www.motostudent.unican.es\/index.php?rest_route=\/wp\/v2\/pages\/1060\/revisions"}],"predecessor-version":[{"id":1156,"href":"https:\/\/www.motostudent.unican.es\/index.php?rest_route=\/wp\/v2\/pages\/1060\/revisions\/1156"}],"wp:attachment":[{"href":"https:\/\/www.motostudent.unican.es\/index.php?rest_route=%2Fwp%2Fv2%2Fmedia&parent=1060"}],"curies":[{"name":"wp","href":"https:\/\/api.w.org\/{rel}","templated":true}]}}