{"id":1055,"date":"2024-05-02T09:17:50","date_gmt":"2024-05-02T07:17:50","guid":{"rendered":"https:\/\/www.motostudent.unican.es\/?page_id=1055"},"modified":"2024-05-02T11:58:32","modified_gmt":"2024-05-02T09:58:32","slug":"sponsors","status":"publish","type":"page","link":"https:\/\/www.motostudent.unican.es\/?page_id=1055","title":{"rendered":"Sponsors"},"content":{"rendered":"\n<p><strong>TIPOS DE PATROCINIOS<\/strong><\/p>\n\n\n\n<p>Si est\u00e1s interesado\/a en colaborar con SODERCAN UC Racing y hacerte patrocinador, te mostramos los distintos tipos de patrocinios que ofrecemos. Las distintas categor\u00edas est\u00e1n definidas en funci\u00f3n de la aportaci\u00f3n econ\u00f3mica, ya sea a trav\u00e9s de financiaci\u00f3n del proyecto o de soporte t\u00e9cnico\/mano de obra equivalente:<\/p>\n\n\n\n<figure class=\"wp-block-image size-full\"><a href=\"https:\/\/www.motostudent.unican.es\/wp-content\/uploads\/2024\/05\/Grafico-Tabla-Comparativa-de-Planes-Minimalista-y-Sencillo-Blanco-Beige-y-Marron-2.png\"><img loading=\"lazy\" decoding=\"async\" width=\"1024\" height=\"768\" src=\"https:\/\/www.motostudent.unican.es\/wp-content\/uploads\/2024\/05\/Grafico-Tabla-Comparativa-de-Planes-Minimalista-y-Sencillo-Blanco-Beige-y-Marron-2.png\" alt=\"\" class=\"wp-image-1100\" srcset=\"https:\/\/www.motostudent.unican.es\/wp-content\/uploads\/2024\/05\/Grafico-Tabla-Comparativa-de-Planes-Minimalista-y-Sencillo-Blanco-Beige-y-Marron-2.png 1024w, https:\/\/www.motostudent.unican.es\/wp-content\/uploads\/2024\/05\/Grafico-Tabla-Comparativa-de-Planes-Minimalista-y-Sencillo-Blanco-Beige-y-Marron-2-300x225.png 300w, https:\/\/www.motostudent.unican.es\/wp-content\/uploads\/2024\/05\/Grafico-Tabla-Comparativa-de-Planes-Minimalista-y-Sencillo-Blanco-Beige-y-Marron-2-768x576.png 768w, https:\/\/www.motostudent.unican.es\/wp-content\/uploads\/2024\/05\/Grafico-Tabla-Comparativa-de-Planes-Minimalista-y-Sencillo-Blanco-Beige-y-Marron-2-640x480.png 640w\" sizes=\"auto, (max-width: 1024px) 100vw, 1024px\" \/><\/a><\/figure>\n\n\n\n<figure class=\"wp-block-image size-large\"><a href=\"https:\/\/www.motostudent.unican.es\/wp-content\/uploads\/2024\/05\/WhatsApp-Image-2024-04-30-at-19.49.36.jpeg\"><img loading=\"lazy\" decoding=\"async\" width=\"1024\" height=\"1024\" src=\"https:\/\/www.motostudent.unican.es\/wp-content\/uploads\/2024\/05\/WhatsApp-Image-2024-04-30-at-19.49.36-1024x1024.jpeg\" alt=\"\" class=\"wp-image-1101\" srcset=\"https:\/\/www.motostudent.unican.es\/wp-content\/uploads\/2024\/05\/WhatsApp-Image-2024-04-30-at-19.49.36-1024x1024.jpeg 1024w, https:\/\/www.motostudent.unican.es\/wp-content\/uploads\/2024\/05\/WhatsApp-Image-2024-04-30-at-19.49.36-300x300.jpeg 300w, https:\/\/www.motostudent.unican.es\/wp-content\/uploads\/2024\/05\/WhatsApp-Image-2024-04-30-at-19.49.36-150x150.jpeg 150w, https:\/\/www.motostudent.unican.es\/wp-content\/uploads\/2024\/05\/WhatsApp-Image-2024-04-30-at-19.49.36-768x768.jpeg 768w, https:\/\/www.motostudent.unican.es\/wp-content\/uploads\/2024\/05\/WhatsApp-Image-2024-04-30-at-19.49.36-1536x1536.jpeg 1536w, https:\/\/www.motostudent.unican.es\/wp-content\/uploads\/2024\/05\/WhatsApp-Image-2024-04-30-at-19.49.36-640x640.jpeg 640w, https:\/\/www.motostudent.unican.es\/wp-content\/uploads\/2024\/05\/WhatsApp-Image-2024-04-30-at-19.49.36.jpeg 1600w\" sizes=\"auto, (max-width: 1024px) 100vw, 1024px\" \/><\/a><\/figure>\n","protected":false},"excerpt":{"rendered":"<p>TIPOS DE PATROCINIOS Si est\u00e1s interesado\/a en colaborar con SODERCAN UC Racing y hacerte patrocinador, te mostramos los distintos tipos de patrocinios que ofrecemos. Las distintas categor\u00edas est\u00e1n definidas en funci\u00f3n de la aportaci\u00f3n econ\u00f3mica, ya sea a trav\u00e9s de financiaci\u00f3n del proyecto o de soporte t\u00e9cnico\/mano de obra equivalente:<\/p>\n","protected":false},"author":5,"featured_media":0,"parent":0,"menu_order":0,"comment_status":"closed","ping_status":"closed","template":"","meta":{"footnotes":""},"class_list":["post-1055","page","type-page","status-publish","hentry"],"_links":{"self":[{"href":"https:\/\/www.motostudent.unican.es\/index.php?rest_route=\/wp\/v2\/pages\/1055","targetHints":{"allow":["GET"]}}],"collection":[{"href":"https:\/\/www.motostudent.unican.es\/index.php?rest_route=\/wp\/v2\/pages"}],"about":[{"href":"https:\/\/www.motostudent.unican.es\/index.php?rest_route=\/wp\/v2\/types\/page"}],"author":[{"embeddable":true,"href":"https:\/\/www.motostudent.unican.es\/index.php?rest_route=\/wp\/v2\/users\/5"}],"replies":[{"embeddable":true,"href":"https:\/\/www.motostudent.unican.es\/index.php?rest_route=%2Fwp%2Fv2%2Fcomments&post=1055"}],"version-history":[{"count":4,"href":"https:\/\/www.motostudent.unican.es\/index.php?rest_route=\/wp\/v2\/pages\/1055\/revisions"}],"predecessor-version":[{"id":1103,"href":"https:\/\/www.motostudent.unican.es\/index.php?rest_route=\/wp\/v2\/pages\/1055\/revisions\/1103"}],"wp:attachment":[{"href":"https:\/\/www.motostudent.unican.es\/index.php?rest_route=%2Fwp%2Fv2%2Fmedia&parent=1055"}],"curies":[{"name":"wp","href":"https:\/\/api.w.org\/{rel}","templated":true}]}}