{"id":1030,"date":"2024-04-30T20:20:13","date_gmt":"2024-04-30T18:20:13","guid":{"rendered":"https:\/\/www.motostudent.unican.es\/?page_id=1030"},"modified":"2024-05-02T12:04:54","modified_gmt":"2024-05-02T10:04:54","slug":"edicion-v","status":"publish","type":"page","link":"https:\/\/www.motostudent.unican.es\/?page_id=1030","title":{"rendered":"V Edici\u00f3n"},"content":{"rendered":"\n<p><strong>V EDICI\u00d3N<\/strong><\/p>\n\n\n\n<p>En el a\u00f1o 2018, se desarroll\u00f3 y envi\u00f3 prototipo de motocicleta a la \u201cMotoStudent V Edition\u00bb, en la que participaron 71 equipos de 17 pa\u00edses, que tuvo como particularidad la implementaci\u00f3n de dos categor\u00edas; Petrol y Electric, con el uso de motores de combusti\u00f3n y el\u00e9ctrico, respectivamente. El equipo de la Universidad de Ca\u200bntabria, denominado \u201cMotuca\u00bb, decidi\u00f3 participar con el motor de combusti\u00f3n.<\/p>\n\n\n<div class=\"wp-block-image\">\n<figure class=\"aligncenter size-full\"><a href=\"https:\/\/www.motostudent.unican.es\/wp-content\/uploads\/2024\/04\/Ed.-5.png\"><img loading=\"lazy\" decoding=\"async\" width=\"396\" height=\"258\" src=\"https:\/\/www.motostudent.unican.es\/wp-content\/uploads\/2024\/04\/Ed.-5.png\" alt=\"\" class=\"wp-image-1043\" srcset=\"https:\/\/www.motostudent.unican.es\/wp-content\/uploads\/2024\/04\/Ed.-5.png 396w, https:\/\/www.motostudent.unican.es\/wp-content\/uploads\/2024\/04\/Ed.-5-300x195.png 300w\" sizes=\"auto, (max-width: 396px) 100vw, 396px\" \/><\/a><\/figure>\n<\/div>\n\n\n<p>Este es nuestro nuevo equipo de MotoStudent , estamos dispuestos a arrasar.<\/p>\n\n\n\n<ul class=\"wp-block-list\">\n<li><strong>Chasis y suspensi\u00f3n :<\/strong><\/li>\n<\/ul>\n\n\n\n<figure class=\"wp-block-image size-full\"><a href=\"https:\/\/www.motostudent.unican.es\/wp-content\/uploads\/2024\/05\/Imagen333.png\"><img loading=\"lazy\" decoding=\"async\" width=\"752\" height=\"470\" src=\"https:\/\/www.motostudent.unican.es\/wp-content\/uploads\/2024\/05\/Imagen333.png\" alt=\"\" class=\"wp-image-1053\" srcset=\"https:\/\/www.motostudent.unican.es\/wp-content\/uploads\/2024\/05\/Imagen333.png 752w, https:\/\/www.motostudent.unican.es\/wp-content\/uploads\/2024\/05\/Imagen333-300x188.png 300w, https:\/\/www.motostudent.unican.es\/wp-content\/uploads\/2024\/05\/Imagen333-640x400.png 640w\" sizes=\"auto, (max-width: 752px) 100vw, 752px\" \/><\/a><\/figure>\n\n\n\n<p>A.&nbsp; Del Castillo&nbsp; &nbsp; &nbsp; &nbsp; &nbsp; &nbsp; &nbsp; &nbsp; &nbsp;                                        J.J. Fern\u00e1ndez<\/p>\n\n\n\n<ul class=\"wp-block-list\">\n<li><strong>Motor y electricidad :<\/strong><\/li>\n<\/ul>\n\n\n\n<figure class=\"wp-block-image size-full\"><a href=\"https:\/\/www.motostudent.unican.es\/wp-content\/uploads\/2024\/05\/Imagen111-1.png\"><img loading=\"lazy\" decoding=\"async\" width=\"750\" height=\"470\" src=\"https:\/\/www.motostudent.unican.es\/wp-content\/uploads\/2024\/05\/Imagen111-1.png\" alt=\"\" class=\"wp-image-1050\" srcset=\"https:\/\/www.motostudent.unican.es\/wp-content\/uploads\/2024\/05\/Imagen111-1.png 750w, https:\/\/www.motostudent.unican.es\/wp-content\/uploads\/2024\/05\/Imagen111-1-300x188.png 300w, https:\/\/www.motostudent.unican.es\/wp-content\/uploads\/2024\/05\/Imagen111-1-640x401.png 640w\" sizes=\"auto, (max-width: 750px) 100vw, 750px\" \/><\/a><\/figure>\n\n\n\n<p>F. Mart\u00edn&nbsp; &nbsp; &nbsp; &nbsp; &nbsp; &nbsp; &nbsp; &nbsp; &nbsp; &nbsp; &nbsp; &nbsp; &nbsp; &nbsp; &nbsp; &nbsp; &nbsp; &nbsp; &nbsp; &nbsp;                           A. Rojo<\/p>\n\n\n\n<ul class=\"wp-block-list\">\n<li><strong>Frenos :<\/strong><\/li>\n<\/ul>\n\n\n\n<figure class=\"wp-block-image size-full\"><a href=\"https:\/\/www.motostudent.unican.es\/wp-content\/uploads\/2024\/05\/Imagen222.png\"><img loading=\"lazy\" decoding=\"async\" width=\"751\" height=\"470\" src=\"https:\/\/www.motostudent.unican.es\/wp-content\/uploads\/2024\/05\/Imagen222.png\" alt=\"\" class=\"wp-image-1051\" srcset=\"https:\/\/www.motostudent.unican.es\/wp-content\/uploads\/2024\/05\/Imagen222.png 751w, https:\/\/www.motostudent.unican.es\/wp-content\/uploads\/2024\/05\/Imagen222-300x188.png 300w, https:\/\/www.motostudent.unican.es\/wp-content\/uploads\/2024\/05\/Imagen222-640x401.png 640w\" sizes=\"auto, (max-width: 751px) 100vw, 751px\" \/><\/a><\/figure>\n\n\n\n<p>P. Casanova&nbsp; &nbsp; &nbsp; &nbsp; &nbsp; &nbsp; &nbsp; &nbsp; &nbsp; &nbsp; &nbsp; &nbsp; &nbsp; &nbsp; &nbsp; &nbsp; &nbsp;                                  M. S\u00e1nchez<\/p>\n\n\n\n<ul class=\"wp-block-list\">\n<li><strong>Carenado :<\/strong><\/li>\n<\/ul>\n\n\n<div class=\"wp-block-image\">\n<figure class=\"aligncenter\"><a href=\"https:\/\/www.motostudent.unican.es\/wp-content\/uploads\/2017\/11\/Luis.jpg\"><img loading=\"lazy\" decoding=\"async\" width=\"240\" height=\"300\" src=\"https:\/\/www.motostudent.unican.es\/wp-content\/uploads\/2017\/11\/Luis-240x300.jpg\" alt=\"\" class=\"wp-image-658\" srcset=\"https:\/\/www.motostudent.unican.es\/wp-content\/uploads\/2017\/11\/Luis-240x300.jpg 240w, https:\/\/www.motostudent.unican.es\/wp-content\/uploads\/2017\/11\/Luis-768x961.jpg 768w, https:\/\/www.motostudent.unican.es\/wp-content\/uploads\/2017\/11\/Luis-818x1024.jpg 818w, https:\/\/www.motostudent.unican.es\/wp-content\/uploads\/2017\/11\/Luis-300x375.jpg 300w, https:\/\/www.motostudent.unican.es\/wp-content\/uploads\/2017\/11\/Luis.jpg 999w\" sizes=\"auto, (max-width: 240px) 100vw, 240px\" \/><\/a><\/figure>\n<\/div>\n\n\n<p>&nbsp; L. Abarca<\/p>\n\n\n\n<ul class=\"wp-block-list\">\n<li><strong>Proyecto Industrial:<\/strong><\/li>\n<\/ul>\n\n\n<div class=\"wp-block-image\">\n<figure class=\"aligncenter\"><img loading=\"lazy\" decoding=\"async\" width=\"240\" height=\"300\" src=\"https:\/\/www.motostudent.unican.es\/wp-content\/uploads\/2017\/11\/Juande-240x300.jpg\" alt=\"\" class=\"wp-image-659\" srcset=\"https:\/\/www.motostudent.unican.es\/wp-content\/uploads\/2017\/11\/Juande-240x300.jpg 240w, https:\/\/www.motostudent.unican.es\/wp-content\/uploads\/2017\/11\/Juande-768x962.jpg 768w, https:\/\/www.motostudent.unican.es\/wp-content\/uploads\/2017\/11\/Juande-818x1024.jpg 818w, https:\/\/www.motostudent.unican.es\/wp-content\/uploads\/2017\/11\/Juande-300x376.jpg 300w, https:\/\/www.motostudent.unican.es\/wp-content\/uploads\/2017\/11\/Juande.jpg 881w\" sizes=\"auto, (max-width: 240px) 100vw, 240px\" \/><\/figure>\n<\/div>\n\n\n<p>Juan de Dios Rico<\/p>\n","protected":false},"excerpt":{"rendered":"<p>V EDICI\u00d3N En el a\u00f1o 2018, se desarroll\u00f3 y envi\u00f3 prototipo de motocicleta a la \u201cMotoStudent V Edition\u00bb, en la que participaron 71 equipos de 17 pa\u00edses, que tuvo como particularidad la implementaci\u00f3n de dos categor\u00edas; Petrol y Electric, con el uso de motores de combusti\u00f3n y el\u00e9ctrico, respectivamente. El [&hellip;]<\/p>\n","protected":false},"author":5,"featured_media":0,"parent":0,"menu_order":0,"comment_status":"closed","ping_status":"closed","template":"","meta":{"footnotes":""},"class_list":["post-1030","page","type-page","status-publish","hentry"],"_links":{"self":[{"href":"https:\/\/www.motostudent.unican.es\/index.php?rest_route=\/wp\/v2\/pages\/1030","targetHints":{"allow":["GET"]}}],"collection":[{"href":"https:\/\/www.motostudent.unican.es\/index.php?rest_route=\/wp\/v2\/pages"}],"about":[{"href":"https:\/\/www.motostudent.unican.es\/index.php?rest_route=\/wp\/v2\/types\/page"}],"author":[{"embeddable":true,"href":"https:\/\/www.motostudent.unican.es\/index.php?rest_route=\/wp\/v2\/users\/5"}],"replies":[{"embeddable":true,"href":"https:\/\/www.motostudent.unican.es\/index.php?rest_route=%2Fwp%2Fv2%2Fcomments&post=1030"}],"version-history":[{"count":6,"href":"https:\/\/www.motostudent.unican.es\/index.php?rest_route=\/wp\/v2\/pages\/1030\/revisions"}],"predecessor-version":[{"id":1106,"href":"https:\/\/www.motostudent.unican.es\/index.php?rest_route=\/wp\/v2\/pages\/1030\/revisions\/1106"}],"wp:attachment":[{"href":"https:\/\/www.motostudent.unican.es\/index.php?rest_route=%2Fwp%2Fv2%2Fmedia&parent=1030"}],"curies":[{"name":"wp","href":"https:\/\/api.w.org\/{rel}","templated":true}]}}